{"id":7631,"date":"2024-12-02T16:08:09","date_gmt":"2024-12-02T15:08:09","guid":{"rendered":"https:\/\/suwelack.de\/caramilk\/"},"modified":"2025-10-28T13:07:58","modified_gmt":"2025-10-28T12:07:58","slug":"caramilk","status":"publish","type":"page","link":"https:\/\/suwelack.de\/en\/caramilk\/","title":{"rendered":"Caramilk\u00ae"},"content":{"rendered":"\t\t<div data-elementor-type=\"wp-page\" data-elementor-id=\"7631\" class=\"elementor elementor-7631 elementor-4876\" data-elementor-post-type=\"page\">\n\t\t\t\t<div class=\"elementor-element elementor-element-982e6a1 e-con-full e-flex e-con e-parent\" data-id=\"982e6a1\" data-element_type=\"container\" data-e-type=\"container\">\n\t\t<div class=\"elementor-element elementor-element-ebc8fbc e-flex e-con-boxed e-con e-child\" data-id=\"ebc8fbc\" data-element_type=\"container\" data-e-type=\"container\">\n\t\t\t\t\t<div class=\"e-con-inner\">\n\t\t<div class=\"elementor-element elementor-element-18d83ed e-con-full wc-mobile-hero-box e-flex e-con e-child\" data-id=\"18d83ed\" data-element_type=\"container\" data-e-type=\"container\">\n\t\t\t\t<div class=\"elementor-element elementor-element-1ddd87d elementor-hidden-widescreen elementor-hidden-desktop elementor-hidden-laptop elementor-hidden-tablet_extra elementor-hidden-tablet elementor-hidden-mobile_extra elementor-invisible elementor-widget elementor-widget-shortcode\" data-id=\"1ddd87d\" data-element_type=\"widget\" data-e-type=\"widget\" data-settings=\"{&quot;_animation&quot;:&quot;fadeInLeft&quot;}\" data-widget_type=\"shortcode.default\">\n\t\t\t\t<div class=\"elementor-widget-container\">\n\t\t\t\t\t\t\t<div class=\"elementor-shortcode\"><nav class=\"breadcrumbs\"><a href=\"https:\/\/suwelack.de\/en\/\">Home<\/a><\/nav>\n\n<\/div>\n\t\t\t\t\t\t<\/div>\n\t\t\t\t<\/div>\n\t\t\t\t<div class=\"elementor-element elementor-element-b732456 mobile-font-weight elementor-hidden-widescreen elementor-hidden-desktop elementor-hidden-laptop elementor-hidden-tablet_extra elementor-hidden-tablet elementor-hidden-mobile_extra elementor-invisible elementor-widget elementor-widget-text-editor\" data-id=\"b732456\" data-element_type=\"widget\" data-e-type=\"widget\" data-settings=\"{&quot;_animation&quot;:&quot;fadeInLeft&quot;}\" data-widget_type=\"text-editor.default\">\n\t\t\t\t<div class=\"elementor-widget-container\">\n\t\t\t\t\t\t\t\t\t<p>Caramilk\u00ae<\/p>\n\t\t\t\t\t\t\t\t<\/div>\n\t\t\t\t<\/div>\n\t\t\t\t<div class=\"elementor-element elementor-element-a6cfa21 wc-mobile-hero-img elementor-hidden-widescreen elementor-hidden-desktop elementor-hidden-laptop elementor-hidden-tablet_extra elementor-hidden-tablet elementor-hidden-mobile_extra elementor-widget elementor-widget-image\" data-id=\"a6cfa21\" data-element_type=\"widget\" data-e-type=\"widget\" data-widget_type=\"image.default\">\n\t\t\t\t<div class=\"elementor-widget-container\">\n\t\t\t\t\t\t\t\t\t\t\t\t\t\t\t<img fetchpriority=\"high\" decoding=\"async\" width=\"2000\" height=\"1143\" src=\"https:\/\/suwelack.de\/wp-content\/uploads\/2025\/04\/freepik__the-style-is-candid-image-photography-with-natural__45394.webp\" class=\"attachment-full size-full wp-image-7481\" alt=\"\" srcset=\"https:\/\/suwelack.de\/wp-content\/uploads\/2025\/04\/freepik__the-style-is-candid-image-photography-with-natural__45394.webp 2000w, https:\/\/suwelack.de\/wp-content\/uploads\/2025\/04\/freepik__the-style-is-candid-image-photography-with-natural__45394-300x171.webp 300w, https:\/\/suwelack.de\/wp-content\/uploads\/2025\/04\/freepik__the-style-is-candid-image-photography-with-natural__45394-1024x585.webp 1024w, https:\/\/suwelack.de\/wp-content\/uploads\/2025\/04\/freepik__the-style-is-candid-image-photography-with-natural__45394-768x439.webp 768w, https:\/\/suwelack.de\/wp-content\/uploads\/2025\/04\/freepik__the-style-is-candid-image-photography-with-natural__45394-1536x878.webp 1536w\" sizes=\"(max-width: 2000px) 100vw, 2000px\" \/>\t\t\t\t\t\t\t\t\t\t\t\t\t\t\t<\/div>\n\t\t\t\t<\/div>\n\t\t\t\t<\/div>\n\t\t\t\t\t<\/div>\n\t\t\t\t<\/div>\n\t\t<div class=\"elementor-element elementor-element-0d02305 e-con-full wc-bg-banner-section e-flex e-con e-child\" data-id=\"0d02305\" data-element_type=\"container\" data-e-type=\"container\" data-settings=\"{&quot;background_background&quot;:&quot;classic&quot;,&quot;background_motion_fx_scale_effect&quot;:&quot;yes&quot;,&quot;background_motion_fx_motion_fx_scrolling&quot;:&quot;yes&quot;,&quot;background_motion_fx_scale_speed&quot;:{&quot;unit&quot;:&quot;px&quot;,&quot;size&quot;:5,&quot;sizes&quot;:[]},&quot;background_motion_fx_scale_range&quot;:{&quot;unit&quot;:&quot;%&quot;,&quot;size&quot;:&quot;&quot;,&quot;sizes&quot;:{&quot;start&quot;:60,&quot;end&quot;:100}},&quot;background_motion_fx_scale_direction&quot;:&quot;out-in&quot;,&quot;background_motion_fx_devices&quot;:[&quot;widescreen&quot;,&quot;desktop&quot;,&quot;laptop&quot;,&quot;tablet_extra&quot;,&quot;tablet&quot;,&quot;mobile_extra&quot;,&quot;mobile&quot;]}\">\n\t\t<div class=\"elementor-element elementor-element-d5752be e-con-full wc-bg-banner-content elementor-hidden-widescreen elementor-hidden-desktop elementor-hidden-laptop elementor-hidden-tablet_extra elementor-hidden-tablet elementor-hidden-mobile_extra elementor-hidden-mobile e-flex e-con e-child\" data-id=\"d5752be\" data-element_type=\"container\" data-e-type=\"container\" data-settings=\"{&quot;background_background&quot;:&quot;classic&quot;}\">\n\t\t\t\t<div class=\"elementor-element elementor-element-26da43f mobile-font-weight elementor-widget elementor-widget-text-editor\" data-id=\"26da43f\" data-element_type=\"widget\" data-e-type=\"widget\" data-widget_type=\"text-editor.default\">\n\t\t\t\t<div class=\"elementor-widget-container\">\n\t\t\t\t\t\t\t\t\t<p>Refining food is our passion<\/p>\n\t\t\t\t\t\t\t\t<\/div>\n\t\t\t\t<\/div>\n\t\t\t\t<div class=\"elementor-element elementor-element-c701d86 elementor-widget__width-initial elementor-widget elementor-widget-text-editor\" data-id=\"c701d86\" data-element_type=\"widget\" data-e-type=\"widget\" data-widget_type=\"text-editor.default\">\n\t\t\t\t<div class=\"elementor-widget-container\">\n\t\t\t\t\t\t\t\t\t<p>Simply contact us using our form or give us a call. We will get back to you immediately.<\/p>\n\t\t\t\t\t\t\t\t<\/div>\n\t\t\t\t<\/div>\n\t\t\t\t<div class=\"elementor-element elementor-element-3672bfa elementor-align-justify elementor-widget__width-initial wc-button-blue elementor-widget elementor-widget-button\" data-id=\"3672bfa\" data-element_type=\"widget\" data-e-type=\"widget\" data-widget_type=\"button.default\">\n\t\t\t\t<div class=\"elementor-widget-container\">\n\t\t\t\t\t\t\t\t\t<div class=\"elementor-button-wrapper\">\n\t\t\t\t\t<a class=\"elementor-button elementor-button-link elementor-size-sm\" href=\"https:\/\/suwelack.de\/contact\/\">\n\t\t\t\t\t\t<span class=\"elementor-button-content-wrapper\">\n\t\t\t\t\t\t\t\t\t<span class=\"elementor-button-text\">Contact us<\/span>\n\t\t\t\t\t<\/span>\n\t\t\t\t\t<\/a>\n\t\t\t\t<\/div>\n\t\t\t\t\t\t\t\t<\/div>\n\t\t\t\t<\/div>\n\t\t\t\t<\/div>\n\t\t<div class=\"elementor-element elementor-element-560e894 e-con-full e-flex e-con e-child\" data-id=\"560e894\" data-element_type=\"container\" data-e-type=\"container\">\n\t\t<div class=\"elementor-element elementor-element-b96ca7b e-con-full e-flex e-con e-child\" data-id=\"b96ca7b\" data-element_type=\"container\" data-e-type=\"container\" data-settings=\"{&quot;background_background&quot;:&quot;classic&quot;}\">\n\t\t\t\t<\/div>\n\t\t<div class=\"elementor-element elementor-element-f25fe23 e-con-full e-flex e-con e-child\" data-id=\"f25fe23\" data-element_type=\"container\" data-e-type=\"container\" data-settings=\"{&quot;background_background&quot;:&quot;classic&quot;}\">\n\t\t\t\t<\/div>\n\t\t\t\t<\/div>\n\t\t\t\t<\/div>\n\t\t\t\t<\/div>\n\t\t<div class=\"elementor-element elementor-element-6a961bc e-flex e-con-boxed e-con e-parent\" data-id=\"6a961bc\" data-element_type=\"container\" data-e-type=\"container\">\n\t\t\t\t\t<div class=\"e-con-inner\">\n\t\t<div class=\"elementor-element elementor-element-09d5968 e-con-full e-flex e-con e-child\" data-id=\"09d5968\" data-element_type=\"container\" data-e-type=\"container\">\n\t\t<div class=\"elementor-element elementor-element-e95be5d e-con-full e-flex e-con e-child\" data-id=\"e95be5d\" data-element_type=\"container\" data-e-type=\"container\">\n\t\t\t\t<div class=\"elementor-element elementor-element-05f230c elementor-invisible elementor-widget elementor-widget-heading\" data-id=\"05f230c\" data-element_type=\"widget\" data-e-type=\"widget\" data-settings=\"{&quot;_animation&quot;:&quot;fadeInUp&quot;}\" data-widget_type=\"heading.default\">\n\t\t\t\t<div class=\"elementor-widget-container\">\n\t\t\t\t\t<h2 class=\"elementor-heading-title elementor-size-default\">Caramilk\u00ae \u2013 A milk caramel all-rounder<\/h2>\t\t\t\t<\/div>\n\t\t\t\t<\/div>\n\t\t\t\t<div class=\"elementor-element elementor-element-2713db6 elementor-invisible elementor-widget elementor-widget-text-editor\" data-id=\"2713db6\" data-element_type=\"widget\" data-e-type=\"widget\" data-settings=\"{&quot;_animation&quot;:&quot;fadeInUp&quot;}\" data-widget_type=\"text-editor.default\">\n\t\t\t\t<div class=\"elementor-widget-container\">\n\t\t\t\t\t\t\t\t\t<p>Milk ingredients are the basis of our Caramilk\u00ae portfolio. Caramel, traditionally cooked on site at Dr. Suwelack, is gently processed resulting in exceptional milk caramel powders.<\/p>\n\t\t\t\t\t\t\t\t<\/div>\n\t\t\t\t<\/div>\n\t\t\t\t<\/div>\n\t\t\t\t<\/div>\n\t\t<div class=\"elementor-element elementor-element-37b66a0 e-con-full e-flex e-con e-child\" data-id=\"37b66a0\" data-element_type=\"container\" data-e-type=\"container\">\n\t\t<div class=\"elementor-element elementor-element-95e9f50 e-con-full e-flex e-con e-child\" data-id=\"95e9f50\" data-element_type=\"container\" data-e-type=\"container\" data-settings=\"{&quot;background_background&quot;:&quot;video&quot;,&quot;background_video_start&quot;:0,&quot;background_video_end&quot;:0,&quot;background_play_on_mobile&quot;:&quot;yes&quot;,&quot;background_privacy_mode&quot;:&quot;yes&quot;,&quot;motion_fx_motion_fx_scrolling&quot;:&quot;yes&quot;,&quot;motion_fx_translateX_effect&quot;:&quot;yes&quot;,&quot;motion_fx_translateX_affectedRange&quot;:{&quot;unit&quot;:&quot;%&quot;,&quot;size&quot;:&quot;&quot;,&quot;sizes&quot;:{&quot;start&quot;:0,&quot;end&quot;:50}},&quot;motion_fx_translateX_speed&quot;:{&quot;unit&quot;:&quot;px&quot;,&quot;size&quot;:4,&quot;sizes&quot;:[]},&quot;motion_fx_devices&quot;:[&quot;widescreen&quot;,&quot;desktop&quot;,&quot;laptop&quot;,&quot;tablet_extra&quot;,&quot;tablet&quot;,&quot;mobile_extra&quot;,&quot;mobile&quot;]}\">\n\t\t\t\t<\/div>\n\t\t\t\t<\/div>\n\t\t\t\t\t<\/div>\n\t\t\t\t<\/div>\n\t\t<div class=\"elementor-element elementor-element-ea7a020 e-flex e-con-boxed e-con e-parent\" data-id=\"ea7a020\" data-element_type=\"container\" data-e-type=\"container\">\n\t\t\t\t\t<div class=\"e-con-inner\">\n\t\t<div class=\"elementor-element elementor-element-0287c6f e-con-full e-flex e-con e-child\" data-id=\"0287c6f\" data-element_type=\"container\" data-e-type=\"container\">\n\t\t<div class=\"elementor-element elementor-element-f40dca3 e-con-full e-flex e-con e-child\" data-id=\"f40dca3\" data-element_type=\"container\" data-e-type=\"container\">\n\t\t\t\t<div class=\"elementor-element elementor-element-202fa59 elementor-invisible elementor-widget elementor-widget-text-editor\" data-id=\"202fa59\" data-element_type=\"widget\" data-e-type=\"widget\" data-settings=\"{&quot;_animation&quot;:&quot;fadeInUp&quot;}\" data-widget_type=\"text-editor.default\">\n\t\t\t\t<div class=\"elementor-widget-container\">\n\t\t\t\t\t\t\t\t\t<p>Caramilk\u00ae naturally lends a typical, pleasant caramel flavour to any application, without the use of colourings or flavourings. With our wide assortment ranging from milky-sweet to strongly roasted, from creamy-white to dark brown, we offer something for any recipe \u2013 let your creativity run wild. <\/p>\n\t\t\t\t\t\t\t\t<\/div>\n\t\t\t\t<\/div>\n\t\t\t\t<\/div>\n\t\t\t\t<\/div>\n\t\t\t\t\t<\/div>\n\t\t\t\t<\/div>\n\t\t<div class=\"elementor-element elementor-element-30810c0 wc_main_table e-flex e-con-boxed e-con e-parent\" data-id=\"30810c0\" data-element_type=\"container\" data-e-type=\"container\" data-settings=\"{&quot;background_background&quot;:&quot;classic&quot;}\">\n\t\t\t\t\t<div class=\"e-con-inner\">\n\t\t\t\t<div class=\"elementor-element elementor-element-1556d77 wc-sugrano-table wc-main-sagrano elementor-widget elementor-widget-wc-table-list-widget \" data-id=\"1556d77\" data-element_type=\"widget\" data-e-type=\"widget\" data-widget_type=\"wc-table-list-widget .default\">\n\t\t\t\t<div class=\"elementor-widget-container\">\n\t\t\t\t\t<div class=\"repeater-container wc-table-container\"><table class=\"wc-main-table\"><tbody><tr class=\"repeater-item-colum\"><td class=\"column\"><table class=\"wc-main-table\"><tbody><tr class=\"repeater-item\"><td class=\"column-1\"><h3>Advantages<\/h3><\/td><td class=\"column-2\"><ul><li>Only natural ingredients<\/li><li>Clean Label<\/li><li>Intense flavour<\/li><li>Wide range of products<\/li><\/ul><\/td><td class=\"column-3\"><ul><li>Caramel colours in various shades<\/li><li>Easy to use<\/li><li>Long shelf life<\/li><\/ul><\/td><\/tr><\/tbody><\/table><\/td><\/tr><\/tbody><\/table><\/div>\t\t\t\t<\/div>\n\t\t\t\t<\/div>\n\t\t\t\t<div class=\"elementor-element elementor-element-7b50e2b mobile-font-weight elementor-widget elementor-widget-heading\" data-id=\"7b50e2b\" data-element_type=\"widget\" data-e-type=\"widget\" data-widget_type=\"heading.default\">\n\t\t\t\t<div class=\"elementor-widget-container\">\n\t\t\t\t\t<h2 class=\"elementor-heading-title elementor-size-default\">Product range<\/h2>\t\t\t\t<\/div>\n\t\t\t\t<\/div>\n\t\t\t\t<div class=\"elementor-element elementor-element-c5d5675 wc-sugrano-table wc-main-sagrano elementor-widget elementor-widget-wc-table-list-widget \" data-id=\"c5d5675\" data-element_type=\"widget\" data-e-type=\"widget\" data-widget_type=\"wc-table-list-widget .default\">\n\t\t\t\t<div class=\"elementor-widget-container\">\n\t\t\t\t\t<div class=\"repeater-container wc-table-container\"><table class=\"wc-main-table\"><tbody><tr class=\"repeater-item-colum\"><td class=\"column\"><table class=\"wc-main-table\"><tbody><tr class=\"repeater-item\"><td class=\"column-1\"><h3>Caramilk\u00ae Classics<\/h3><\/td><td class=\"column-2\"><ul><li>Bright<\/li><li>Roasted<\/li><\/ul><\/td><td class=\"column-3\"><ul><li>Brown<\/li><\/ul><\/td><\/tr><\/tbody><\/table><\/td><\/tr><\/tbody><\/table><\/div>\t\t\t\t<\/div>\n\t\t\t\t<\/div>\n\t\t\t\t<div class=\"elementor-element elementor-element-f2e2536 wc-sugrano-table wc-main-sagrano elementor-widget elementor-widget-wc-table-list-widget \" data-id=\"f2e2536\" data-element_type=\"widget\" data-e-type=\"widget\" data-widget_type=\"wc-table-list-widget .default\">\n\t\t\t\t<div class=\"elementor-widget-container\">\n\t\t\t\t\t<div class=\"repeater-container wc-table-container\"><table class=\"wc-main-table\"><tbody><tr class=\"repeater-item-colum\"><td class=\"column\"><table class=\"wc-main-table\"><tbody><tr class=\"repeater-item\"><td class=\"column-1\"><h3>Caramilk\u00ae Spezialit\u00e4ten<\/h3><\/td><td class=\"column-2\"><ul><li>Cr\u00e8me Br\u00fbl\u00e9e<\/li><li>Dulce de Leche<\/li><\/ul><\/td><td class=\"column-3\"><ul><li>Confiture de Lait<\/li><li>Toffee<\/li><li>\u00a0<\/li><\/ul><\/td><\/tr><\/tbody><\/table><\/td><\/tr><\/tbody><\/table><\/div>\t\t\t\t<\/div>\n\t\t\t\t<\/div>\n\t\t\t\t<div class=\"elementor-element elementor-element-b6a9ca0 wc-sugrano-table wc-main-sagrano elementor-widget elementor-widget-wc-table-list-widget \" data-id=\"b6a9ca0\" data-element_type=\"widget\" data-e-type=\"widget\" data-widget_type=\"wc-table-list-widget .default\">\n\t\t\t\t<div class=\"elementor-widget-container\">\n\t\t\t\t\t<div class=\"repeater-container wc-table-container\"><table class=\"wc-main-table\"><tbody><tr class=\"repeater-item-colum\"><td class=\"column\"><table class=\"wc-main-table\"><tbody><tr class=\"repeater-item\"><td class=\"column-1\"><h3>Caramilk\u00ae Pure<\/h3><\/td><td class=\"column-2\"><ul><li>Without added sugar<\/li><\/ul><\/td><td class=\"column-3\"><\/td><\/tr><\/tbody><\/table><\/td><\/tr><\/tbody><\/table><\/div>\t\t\t\t<\/div>\n\t\t\t\t<\/div>\n\t\t\t\t\t<\/div>\n\t\t\t\t<\/div>\n\t\t\t\t<\/div>\n\t\t","protected":false},"excerpt":{"rendered":"<p>Caramilk\u00ae Refining food is our passion Simply contact us using our form or give us a call. We will get back to you immediately. Contact us Caramilk\u00ae \u2013 A milk caramel all-rounder Milk ingredients are the basis of our Caramilk\u00ae portfolio. Caramel, traditionally cooked on site at Dr. Suwelack, is gently processed resulting in exceptional [&hellip;]<\/p>\n","protected":false},"author":2,"featured_media":0,"parent":0,"menu_order":0,"comment_status":"closed","ping_status":"closed","template":"","meta":{"inline_featured_image":false,"footnotes":""},"class_list":["post-7631","page","type-page","status-publish","hentry"],"_links":{"self":[{"href":"https:\/\/suwelack.de\/en\/wp-json\/wp\/v2\/pages\/7631","targetHints":{"allow":["GET"]}}],"collection":[{"href":"https:\/\/suwelack.de\/en\/wp-json\/wp\/v2\/pages"}],"about":[{"href":"https:\/\/suwelack.de\/en\/wp-json\/wp\/v2\/types\/page"}],"author":[{"embeddable":true,"href":"https:\/\/suwelack.de\/en\/wp-json\/wp\/v2\/users\/2"}],"replies":[{"embeddable":true,"href":"https:\/\/suwelack.de\/en\/wp-json\/wp\/v2\/comments?post=7631"}],"version-history":[{"count":10,"href":"https:\/\/suwelack.de\/en\/wp-json\/wp\/v2\/pages\/7631\/revisions"}],"predecessor-version":[{"id":8262,"href":"https:\/\/suwelack.de\/en\/wp-json\/wp\/v2\/pages\/7631\/revisions\/8262"}],"wp:attachment":[{"href":"https:\/\/suwelack.de\/en\/wp-json\/wp\/v2\/media?parent=7631"}],"curies":[{"name":"wp","href":"https:\/\/api.w.org\/{rel}","templated":true}]}}